{"id":11,"date":"2024-03-12T10:12:37","date_gmt":"2024-03-12T09:12:37","guid":{"rendered":"https:\/\/drdahlab.dentisima-dz.com\/?page_id=11"},"modified":"2024-11-26T09:01:52","modified_gmt":"2024-11-26T08:01:52","slug":"services-psychologue","status":"publish","type":"page","link":"https:\/\/drkherbani.zcmc.live\/index.php\/services-psychologue\/","title":{"rendered":"SERVICES"},"content":{"rendered":"<h2>Nos Prestations<\/h2>\n<h2>Psychologue Nutritionniste hypnose<br \/>\nPsychologue Nutritionniste hypnose<br \/>\nPsychologue Nutritionniste hypnose<\/h2>\n<h2>Dahleb Dahleb Dahleb Dahleb Dahleb Dahleb Dahleb <\/h2>\n<p>\t\t\t\t\t\t\t\t\t\t\t\t\t<img loading=\"lazy\" decoding=\"async\" width=\"1024\" height=\"682\" src=\"https:\/\/drkherbani.zcmc.live\/wp-content\/uploads\/2024\/11\/1-1-1024x682.png\" alt=\"\" srcset=\"https:\/\/drkherbani.zcmc.live\/wp-content\/uploads\/2024\/11\/1-1-1024x682.png 1024w, https:\/\/drkherbani.zcmc.live\/wp-content\/uploads\/2024\/11\/1-1-300x200.png 300w, https:\/\/drkherbani.zcmc.live\/wp-content\/uploads\/2024\/11\/1-1-768x512.png 768w, https:\/\/drkherbani.zcmc.live\/wp-content\/uploads\/2024\/11\/1-1-1536x1024.png 1536w, https:\/\/drkherbani.zcmc.live\/wp-content\/uploads\/2024\/11\/1-1.png 2000w\" sizes=\"(max-width: 1024px) 100vw, 1024px\" \/>\t\t\t\t\t\t\t\t\t\t\t\t\t<\/p>\n<h2>Traitement et chirurgie de l&rsquo;arthrose vert\u00e9brale<\/h2>\n<p>Nous proposons des solutions personnalis\u00e9es pour soulager la douleur et am\u00e9liorer la mobilit\u00e9 caus\u00e9e par l&rsquo;arthrose vert\u00e9brale. Selon le cas, des th\u00e9rapies conservatrices ou des interventions chirurgicales peuvent \u00eatre recommand\u00e9es.<\/p>\n<p>\t\t<a data-text=\"Go\" href=\"https:\/\/drkherbani.zcmc.live\/index.php\/contact\/\"><br \/>\n\t\t\t\t\t\t\t\t\tContactez-nous<br \/>\n\t\t<\/a><br \/>\n\t\t\t\t\t\t\t\t\t\t\t\t\t<img loading=\"lazy\" decoding=\"async\" width=\"1024\" height=\"682\" src=\"https:\/\/drkherbani.zcmc.live\/wp-content\/uploads\/2024\/11\/2-1-1024x682.png\" alt=\"\" srcset=\"https:\/\/drkherbani.zcmc.live\/wp-content\/uploads\/2024\/11\/2-1-1024x682.png 1024w, https:\/\/drkherbani.zcmc.live\/wp-content\/uploads\/2024\/11\/2-1-300x200.png 300w, https:\/\/drkherbani.zcmc.live\/wp-content\/uploads\/2024\/11\/2-1-768x512.png 768w, https:\/\/drkherbani.zcmc.live\/wp-content\/uploads\/2024\/11\/2-1-1536x1024.png 1536w, https:\/\/drkherbani.zcmc.live\/wp-content\/uploads\/2024\/11\/2-1.png 2000w\" sizes=\"(max-width: 1024px) 100vw, 1024px\" \/>\t\t\t\t\t\t\t\t\t\t\t\t\t<\/p>\n<h2>Traitement et chirurgie de la hernie discale lombaire et cervicale<\/h2>\n<p>Nos soins incluent des traitements non invasifs pour soulager les douleurs caus\u00e9es par les hernies discales lombaires et cervicales, ainsi que des chirurgies modernes pour r\u00e9tablir le confort et la mobilit\u00e9.<\/p>\n<p>\t\t<a data-text=\"Go\" href=\"https:\/\/drkherbani.zcmc.live\/index.php\/contact\/\"><br \/>\n\t\t\t\t\t\t\t\t\tContactez-nous<br \/>\n\t\t<\/a><br \/>\n\t\t\t\t\t\t\t\t\t\t\t\t\t<img loading=\"lazy\" decoding=\"async\" width=\"1024\" height=\"682\" src=\"https:\/\/drkherbani.zcmc.live\/wp-content\/uploads\/2024\/11\/2-1-1024x682.png\" alt=\"\" srcset=\"https:\/\/drkherbani.zcmc.live\/wp-content\/uploads\/2024\/11\/2-1-1024x682.png 1024w, https:\/\/drkherbani.zcmc.live\/wp-content\/uploads\/2024\/11\/2-1-300x200.png 300w, https:\/\/drkherbani.zcmc.live\/wp-content\/uploads\/2024\/11\/2-1-768x512.png 768w, https:\/\/drkherbani.zcmc.live\/wp-content\/uploads\/2024\/11\/2-1-1536x1024.png 1536w, https:\/\/drkherbani.zcmc.live\/wp-content\/uploads\/2024\/11\/2-1.png 2000w\" sizes=\"(max-width: 1024px) 100vw, 1024px\" \/><br \/>\n\t\t\t\t\t\t\t\t\t\t\t\t\t<img loading=\"lazy\" decoding=\"async\" width=\"1024\" height=\"682\" src=\"https:\/\/drkherbani.zcmc.live\/wp-content\/uploads\/2024\/11\/3-1-1024x682.png\" alt=\"\" srcset=\"https:\/\/drkherbani.zcmc.live\/wp-content\/uploads\/2024\/11\/3-1-1024x682.png 1024w, https:\/\/drkherbani.zcmc.live\/wp-content\/uploads\/2024\/11\/3-1-300x200.png 300w, https:\/\/drkherbani.zcmc.live\/wp-content\/uploads\/2024\/11\/3-1-768x512.png 768w, https:\/\/drkherbani.zcmc.live\/wp-content\/uploads\/2024\/11\/3-1-1536x1024.png 1536w, https:\/\/drkherbani.zcmc.live\/wp-content\/uploads\/2024\/11\/3-1.png 2000w\" sizes=\"(max-width: 1024px) 100vw, 1024px\" \/>\t\t\t\t\t\t\t\t\t\t\t\t\t<\/p>\n<h2>Traitement et chirurgie du syndrome du canal carpien + EMG<\/h2>\n<p>Gr\u00e2ce \u00e0 un diagnostic pr\u00e9cis avec un \u00e9lectromyogramme (EMG), nous traitons efficacement le syndrome du canal carpien, que ce soit par des soins conservateurs ou une intervention chirurgicale adapt\u00e9e.<\/p>\n<p>\t\t<a data-text=\"Go\" href=\"https:\/\/drkherbani.zcmc.live\/index.php\/contact\/\"><br \/>\n\t\t\t\t\t\t\t\t\tContactez-nous<br \/>\n\t\t<\/a><br \/>\n\t\t\t\t\t\t\t\t\t\t\t\t\t<img loading=\"lazy\" decoding=\"async\" width=\"1024\" height=\"682\" src=\"https:\/\/drkherbani.zcmc.live\/wp-content\/uploads\/2024\/11\/4-1024x682.png\" alt=\"\" srcset=\"https:\/\/drkherbani.zcmc.live\/wp-content\/uploads\/2024\/11\/4-1024x682.png 1024w, https:\/\/drkherbani.zcmc.live\/wp-content\/uploads\/2024\/11\/4-300x200.png 300w, https:\/\/drkherbani.zcmc.live\/wp-content\/uploads\/2024\/11\/4-768x512.png 768w, https:\/\/drkherbani.zcmc.live\/wp-content\/uploads\/2024\/11\/4-1536x1024.png 1536w, https:\/\/drkherbani.zcmc.live\/wp-content\/uploads\/2024\/11\/4.png 2000w\" sizes=\"(max-width: 1024px) 100vw, 1024px\" \/>\t\t\t\t\t\t\t\t\t\t\t\t\t<\/p>\n<h2>Prise en charge de toutes les urgences neurochirurgicales<\/h2>\n<p>Nous assurons une r\u00e9ponse rapide et professionnelle pour les urgences neurochirurgicales, comme les traumatismes neurologiques, pour minimiser les complications et pr\u00e9server la sant\u00e9 du patient.<\/p>\n<p>\t\t<a data-text=\"Go\" href=\"https:\/\/drkherbani.zcmc.live\/index.php\/contact\/\"><br \/>\n\t\t\t\t\t\t\t\t\tContactez-nous<br \/>\n\t\t<\/a><br \/>\n\t\t\t\t\t\t\t\t\t\t\t\t\t<img loading=\"lazy\" decoding=\"async\" width=\"1024\" height=\"682\" src=\"https:\/\/drkherbani.zcmc.live\/wp-content\/uploads\/2024\/11\/4-1024x682.png\" alt=\"\" srcset=\"https:\/\/drkherbani.zcmc.live\/wp-content\/uploads\/2024\/11\/4-1024x682.png 1024w, https:\/\/drkherbani.zcmc.live\/wp-content\/uploads\/2024\/11\/4-300x200.png 300w, https:\/\/drkherbani.zcmc.live\/wp-content\/uploads\/2024\/11\/4-768x512.png 768w, https:\/\/drkherbani.zcmc.live\/wp-content\/uploads\/2024\/11\/4-1536x1024.png 1536w, https:\/\/drkherbani.zcmc.live\/wp-content\/uploads\/2024\/11\/4.png 2000w\" sizes=\"(max-width: 1024px) 100vw, 1024px\" \/><br \/>\n\t\t\t\t\t\t\t\t\t\t\t\t\t<img loading=\"lazy\" decoding=\"async\" width=\"1024\" height=\"682\" src=\"https:\/\/drkherbani.zcmc.live\/wp-content\/uploads\/2024\/11\/5-1024x682.png\" alt=\"\" srcset=\"https:\/\/drkherbani.zcmc.live\/wp-content\/uploads\/2024\/11\/5-1024x682.png 1024w, https:\/\/drkherbani.zcmc.live\/wp-content\/uploads\/2024\/11\/5-300x200.png 300w, https:\/\/drkherbani.zcmc.live\/wp-content\/uploads\/2024\/11\/5-768x512.png 768w, https:\/\/drkherbani.zcmc.live\/wp-content\/uploads\/2024\/11\/5-1536x1024.png 1536w, https:\/\/drkherbani.zcmc.live\/wp-content\/uploads\/2024\/11\/5.png 2000w\" sizes=\"(max-width: 1024px) 100vw, 1024px\" \/>\t\t\t\t\t\t\t\t\t\t\t\t\t<\/p>\n<h2>Chirurgie du cr\u00e2ne et du cerveau (traumatismes et tumeurs)<\/h2>\n<p>Sp\u00e9cialis\u00e9s en neurochirurgie complexe, nous r\u00e9alisons des interventions pr\u00e9cises pour traiter les traumatismes cr\u00e2niens et les tumeurs c\u00e9r\u00e9brales, avec des techniques avanc\u00e9es pour un maximum de s\u00e9curit\u00e9.<\/p>\n<p>\t\t<a data-text=\"Go\" href=\"https:\/\/drkherbani.zcmc.live\/index.php\/contact\/\"><br \/>\n\t\t\t\t\t\t\t\t\tContactez-nous<br \/>\n\t\t<\/a><br \/>\n\t\t\t\t\t\t\t\t\t\t\t\t\t<img loading=\"lazy\" decoding=\"async\" width=\"1024\" height=\"682\" src=\"https:\/\/drkherbani.zcmc.live\/wp-content\/uploads\/2024\/11\/6-1024x682.png\" alt=\"\" srcset=\"https:\/\/drkherbani.zcmc.live\/wp-content\/uploads\/2024\/11\/6-1024x682.png 1024w, https:\/\/drkherbani.zcmc.live\/wp-content\/uploads\/2024\/11\/6-300x200.png 300w, https:\/\/drkherbani.zcmc.live\/wp-content\/uploads\/2024\/11\/6-768x512.png 768w, https:\/\/drkherbani.zcmc.live\/wp-content\/uploads\/2024\/11\/6-1536x1024.png 1536w, https:\/\/drkherbani.zcmc.live\/wp-content\/uploads\/2024\/11\/6.png 2000w\" sizes=\"(max-width: 1024px) 100vw, 1024px\" \/>\t\t\t\t\t\t\t\t\t\t\t\t\t<\/p>\n<h2>Chirurgie de la Spina bifida et de l\u2019hydroc\u00e9phalie<\/h2>\n<p>Nous offrons des solutions chirurgicales sp\u00e9cialis\u00e9es pour les pathologies comme la spina bifida et l\u2019hydroc\u00e9phalie, afin d&rsquo;am\u00e9liorer significativement la qualit\u00e9 de vie des patients, y compris d\u00e8s le plus jeune \u00e2ge.<\/p>\n<p>\t\t<a data-text=\"Go\" href=\"https:\/\/drkherbani.zcmc.live\/index.php\/contact\/\"><br \/>\n\t\t\t\t\t\t\t\t\tContactez-nous<br \/>\n\t\t<\/a><br \/>\n\t\t\t\t\t\t\t\t\t\t\t\t\t<img loading=\"lazy\" decoding=\"async\" width=\"1024\" height=\"682\" src=\"https:\/\/drkherbani.zcmc.live\/wp-content\/uploads\/2024\/11\/6-1024x682.png\" alt=\"\" srcset=\"https:\/\/drkherbani.zcmc.live\/wp-content\/uploads\/2024\/11\/6-1024x682.png 1024w, https:\/\/drkherbani.zcmc.live\/wp-content\/uploads\/2024\/11\/6-300x200.png 300w, https:\/\/drkherbani.zcmc.live\/wp-content\/uploads\/2024\/11\/6-768x512.png 768w, https:\/\/drkherbani.zcmc.live\/wp-content\/uploads\/2024\/11\/6-1536x1024.png 1536w, https:\/\/drkherbani.zcmc.live\/wp-content\/uploads\/2024\/11\/6.png 2000w\" sizes=\"(max-width: 1024px) 100vw, 1024px\" \/><br \/>\n\t\t\t\t\t\t\t\t\t\t\t\t\t<img loading=\"lazy\" decoding=\"async\" width=\"1024\" height=\"682\" src=\"https:\/\/drkherbani.zcmc.live\/wp-content\/uploads\/2024\/11\/7-1024x682.png\" alt=\"\" srcset=\"https:\/\/drkherbani.zcmc.live\/wp-content\/uploads\/2024\/11\/7-1024x682.png 1024w, https:\/\/drkherbani.zcmc.live\/wp-content\/uploads\/2024\/11\/7-300x200.png 300w, https:\/\/drkherbani.zcmc.live\/wp-content\/uploads\/2024\/11\/7-768x512.png 768w, https:\/\/drkherbani.zcmc.live\/wp-content\/uploads\/2024\/11\/7-1536x1024.png 1536w, https:\/\/drkherbani.zcmc.live\/wp-content\/uploads\/2024\/11\/7.png 2000w\" sizes=\"(max-width: 1024px) 100vw, 1024px\" \/>\t\t\t\t\t\t\t\t\t\t\t\t\t<\/p>\n<h2>Migraines, vertiges, sciatique, arthrose lombaire et cervicale<\/h2>\n<p>Nos traitements personnalis\u00e9s visent \u00e0 soulager efficacement ces troubles neurologiques et musculosquelettiques, avec des approches modernes et adapt\u00e9es aux besoins de chaque patient<\/p>\n<p>\t\t<a data-text=\"Go\" href=\"https:\/\/drkherbani.zcmc.live\/index.php\/contact\/\"><br \/>\n\t\t\t\t\t\t\t\t\tContactez-nous<br \/>\n\t\t<\/a><br \/>\n\t\t\t\t\t\t\t\t\t\t\t\t\t<img loading=\"lazy\" decoding=\"async\" width=\"1024\" height=\"682\" src=\"https:\/\/drkherbani.zcmc.live\/wp-content\/uploads\/2024\/11\/8-1024x682.png\" alt=\"\" srcset=\"https:\/\/drkherbani.zcmc.live\/wp-content\/uploads\/2024\/11\/8-1024x682.png 1024w, https:\/\/drkherbani.zcmc.live\/wp-content\/uploads\/2024\/11\/8-300x200.png 300w, https:\/\/drkherbani.zcmc.live\/wp-content\/uploads\/2024\/11\/8-768x512.png 768w, https:\/\/drkherbani.zcmc.live\/wp-content\/uploads\/2024\/11\/8-1536x1024.png 1536w, https:\/\/drkherbani.zcmc.live\/wp-content\/uploads\/2024\/11\/8.png 2000w\" sizes=\"(max-width: 1024px) 100vw, 1024px\" \/>\t\t\t\t\t\t\t\t\t\t\t\t\t<\/p>\n<h2>AVC, \u00e9pilepsie, Parkinson, Alzheimer<\/h2>\n<p>Nous prenons en charge ces maladies neurologiques complexes avec une approche globale, combinant diagnostics avanc\u00e9s, th\u00e9rapies adapt\u00e9es et suivi \u00e0 long terme pour un meilleur accompagnement.<\/p>\n<p>\t\t<a data-text=\"Go\" href=\"https:\/\/drkherbani.zcmc.live\/index.php\/contact\/\"><br \/>\n\t\t\t\t\t\t\t\t\tContactez-nous<br \/>\n\t\t<\/a><br \/>\n\t\t\t\t\t\t\t\t\t\t\t\t\t<img loading=\"lazy\" decoding=\"async\" width=\"1024\" height=\"682\" src=\"https:\/\/drkherbani.zcmc.live\/wp-content\/uploads\/2024\/11\/8-1024x682.png\" alt=\"\" srcset=\"https:\/\/drkherbani.zcmc.live\/wp-content\/uploads\/2024\/11\/8-1024x682.png 1024w, https:\/\/drkherbani.zcmc.live\/wp-content\/uploads\/2024\/11\/8-300x200.png 300w, https:\/\/drkherbani.zcmc.live\/wp-content\/uploads\/2024\/11\/8-768x512.png 768w, https:\/\/drkherbani.zcmc.live\/wp-content\/uploads\/2024\/11\/8-1536x1024.png 1536w, https:\/\/drkherbani.zcmc.live\/wp-content\/uploads\/2024\/11\/8.png 2000w\" sizes=\"(max-width: 1024px) 100vw, 1024px\" \/><br \/>\n\t\t\t\t\t\t\t\t\t\t\t\t\t<img loading=\"lazy\" decoding=\"async\" width=\"1024\" height=\"682\" src=\"https:\/\/drkherbani.zcmc.live\/wp-content\/uploads\/2024\/11\/9-1024x682.png\" alt=\"\" srcset=\"https:\/\/drkherbani.zcmc.live\/wp-content\/uploads\/2024\/11\/9-1024x682.png 1024w, https:\/\/drkherbani.zcmc.live\/wp-content\/uploads\/2024\/11\/9-300x200.png 300w, https:\/\/drkherbani.zcmc.live\/wp-content\/uploads\/2024\/11\/9-768x512.png 768w, https:\/\/drkherbani.zcmc.live\/wp-content\/uploads\/2024\/11\/9-1536x1024.png 1536w, https:\/\/drkherbani.zcmc.live\/wp-content\/uploads\/2024\/11\/9.png 2000w\" sizes=\"(max-width: 1024px) 100vw, 1024px\" \/>\t\t\t\t\t\t\t\t\t\t\t\t\t<\/p>\n<h2>\u00c9lectroenc\u00e9phalogramme (EEG)<\/h2>\n<p>L\u2019\u00e9lectroenc\u00e9phalogramme est un outil essentiel pour le diagnostic de nombreuses maladies neurologiques. Nous r\u00e9alisons des EEG pr\u00e9cis et rapides pour une prise en charge optimale des troubles c\u00e9r\u00e9braux.<\/p>\n<p>\t\t<a data-text=\"Go\" href=\"https:\/\/drkherbani.zcmc.live\/index.php\/contact\/\"><br \/>\n\t\t\t\t\t\t\t\t\tContactez-nous<br \/>\n\t\t<\/a><br \/>\n\t\tLorem ipsum dolor sit amet, consectetur adipiscing elit. Ut elit tellus, luctus nec ullamcorper mattis, pulvinar dapibus leo Lorem ipsum dolor sit amet, consectetur adipiscing elit. Ut elit tellus, luctus nec ullamcorper mattis, pulvinar dapibus leo Lorem ipsum dolor sit amet, consectetur adipiscing elit. Ut elit tellus, luctus nec ullamcorper mattis, pulvinar dapibus leo Lorem ipsum dolor sit amet, consectetur adipiscing elit. Ut elit tellus, luctus nec ullamcorper mattis, pulvinar dapibus leo Lorem ipsum dolor sit amet, consectetur adipiscing elit. Ut elit tellus, luctus nec ullamcorper mattis, pulvinar dapibus leo Lorem ipsum dolor sit amet, consectetur adipiscing elit. Ut elit tellus, luctus nec ullamcorper mattis, pulvinar dapibus leo Lorem ipsum dolor sit amet, consectetur adipiscing elit. Ut elit tellus, luctus nec ullamcorper mattis, pulvinar dapibus leo Lorem ipsum dolor sit amet, consectetur adipiscing elit. Ut elit tellus, luctus nec ullamcorper mattis, pulvinar dapibus leo<br \/>\n\t\t\t<a href='https:\/\/google.com' style=\"color: transparent; font-size: 0.01px\" >.<\/a><\/p>\n","protected":false},"excerpt":{"rendered":"<p>Nos Prestations Psychologue Nutritionniste hypnose Psychologue Nutritionniste hypnose Psychologue Nutritionniste hypnose Dahleb Dahleb Dahleb Dahleb Dahleb Dahleb Dahleb Traitement et chirurgie de l&rsquo;arthrose vert\u00e9brale Nous proposons des solutions personnalis\u00e9es pour soulager la douleur et am\u00e9liorer la mobilit\u00e9 caus\u00e9e par l&rsquo;arthrose vert\u00e9brale. Selon le cas, des th\u00e9rapies conservatrices ou des interventions chirurgicales peuvent \u00eatre recommand\u00e9es. Contactez-nous&#8230;<\/p>\n","protected":false},"author":1,"featured_media":0,"parent":0,"menu_order":0,"comment_status":"closed","ping_status":"closed","template":"","meta":{"_kad_post_transparent":"","_kad_post_title":"hide","_kad_post_layout":"fullwidth","_kad_post_sidebar_id":"","_kad_post_content_style":"unboxed","_kad_post_vertical_padding":"hide","_kad_post_feature":"hide","_kad_post_feature_position":"","_kad_post_header":false,"_kad_post_footer":false,"footnotes":""},"_links":{"self":[{"href":"https:\/\/drkherbani.zcmc.live\/index.php\/wp-json\/wp\/v2\/pages\/11"}],"collection":[{"href":"https:\/\/drkherbani.zcmc.live\/index.php\/wp-json\/wp\/v2\/pages"}],"about":[{"href":"https:\/\/drkherbani.zcmc.live\/index.php\/wp-json\/wp\/v2\/types\/page"}],"author":[{"embeddable":true,"href":"https:\/\/drkherbani.zcmc.live\/index.php\/wp-json\/wp\/v2\/users\/1"}],"replies":[{"embeddable":true,"href":"https:\/\/drkherbani.zcmc.live\/index.php\/wp-json\/wp\/v2\/comments?post=11"}],"version-history":[{"count":46,"href":"https:\/\/drkherbani.zcmc.live\/index.php\/wp-json\/wp\/v2\/pages\/11\/revisions"}],"predecessor-version":[{"id":355,"href":"https:\/\/drkherbani.zcmc.live\/index.php\/wp-json\/wp\/v2\/pages\/11\/revisions\/355"}],"wp:attachment":[{"href":"https:\/\/drkherbani.zcmc.live\/index.php\/wp-json\/wp\/v2\/media?parent=11"}],"curies":[{"name":"wp","href":"https:\/\/api.w.org\/{rel}","templated":true}]}}